{"id":2789,"date":"2025-06-17T13:47:28","date_gmt":"2025-06-17T13:47:28","guid":{"rendered":"https:\/\/foodnjoy.misari.fr\/desserts-classiques-en-assiette\/"},"modified":"2025-09-01T15:29:25","modified_gmt":"2025-09-01T15:29:25","slug":"desserts-assiette-classiques","status":"publish","type":"page","link":"https:\/\/www.foodandjoy.be\/fr\/desserts-a-lassiette\/desserts-assiette-classiques\/","title":{"rendered":"Desserts \u00e0 l&rsquo;assiette classique"},"content":{"rendered":"","protected":false},"excerpt":{"rendered":"","protected":false},"author":1,"featured_media":2737,"parent":2808,"menu_order":0,"comment_status":"closed","ping_status":"closed","template":"","meta":{"_acf_changed":false,"footnotes":""},"class_list":["post-2789","page","type-page","status-publish","has-post-thumbnail","hentry"],"acf":[],"yoast_head":"<!-- This site is optimized with the Yoast SEO plugin v27.4 - https:\/\/yoast.com\/product\/yoast-seo-wordpress\/ -->\n<title>Desserts \u00e0 l&#039;assiette classique - Food N&#039;Joy<\/title>\n<meta name=\"description\" content=\"Recettes de desserts \u00e0 l\u2019assiette classique pour gastronomie, fabriqu\u00e9s \u00e0 la main dans nos ateliers par nos p\u00e2tissiers.\" \/>\n<meta name=\"robots\" content=\"index, follow, max-snippet:-1, max-image-preview:large, max-video-preview:-1\" \/>\n<link rel=\"canonical\" href=\"https:\/\/www.foodandjoy.be\/fr\/desserts-a-lassiette\/desserts-assiette-classiques\/\" \/>\n<meta property=\"og:locale\" content=\"fr_FR\" \/>\n<meta property=\"og:type\" content=\"article\" \/>\n<meta property=\"og:title\" content=\"Desserts \u00e0 l&#039;assiette classique - Food N&#039;Joy\" \/>\n<meta property=\"og:description\" content=\"Recettes de desserts \u00e0 l\u2019assiette classique pour gastronomie, fabriqu\u00e9s \u00e0 la main dans nos ateliers par nos p\u00e2tissiers.\" \/>\n<meta property=\"og:url\" content=\"https:\/\/www.foodandjoy.be\/fr\/desserts-a-lassiette\/desserts-assiette-classiques\/\" \/>\n<meta property=\"og:site_name\" content=\"Food N&#039;Joy\" \/>\n<meta property=\"article:modified_time\" content=\"2025-09-01T15:29:25+00:00\" \/>\n<meta property=\"og:image\" content=\"https:\/\/www.foodandjoy.be\/wp-content\/uploads\/2025\/06\/product-plated-dessert-6.webp\" \/>\n\t<meta property=\"og:image:width\" content=\"1500\" \/>\n\t<meta property=\"og:image:height\" content=\"444\" \/>\n\t<meta property=\"og:image:type\" content=\"image\/webp\" \/>\n<meta name=\"twitter:card\" content=\"summary_large_image\" \/>\n<meta name=\"twitter:label1\" content=\"Dur\u00e9e de lecture estim\u00e9e\" \/>\n\t<meta name=\"twitter:data1\" content=\"1 minute\" \/>\n<script type=\"application\/ld+json\" class=\"yoast-schema-graph\">{\"@context\":\"https:\\\/\\\/schema.org\",\"@graph\":[{\"@type\":\"WebPage\",\"@id\":\"https:\\\/\\\/www.foodandjoy.be\\\/fr\\\/desserts-a-lassiette\\\/desserts-assiette-classiques\\\/\",\"url\":\"https:\\\/\\\/www.foodandjoy.be\\\/fr\\\/desserts-a-lassiette\\\/desserts-assiette-classiques\\\/\",\"name\":\"Desserts \u00e0 l'assiette classique - Food N&#039;Joy\",\"isPartOf\":{\"@id\":\"https:\\\/\\\/www.foodandjoy.be\\\/fr\\\/#website\"},\"primaryImageOfPage\":{\"@id\":\"https:\\\/\\\/www.foodandjoy.be\\\/fr\\\/desserts-a-lassiette\\\/desserts-assiette-classiques\\\/#primaryimage\"},\"image\":{\"@id\":\"https:\\\/\\\/www.foodandjoy.be\\\/fr\\\/desserts-a-lassiette\\\/desserts-assiette-classiques\\\/#primaryimage\"},\"thumbnailUrl\":\"https:\\\/\\\/www.foodandjoy.be\\\/wp-content\\\/uploads\\\/2025\\\/06\\\/product-plated-dessert-6.webp\",\"datePublished\":\"2025-06-17T13:47:28+00:00\",\"dateModified\":\"2025-09-01T15:29:25+00:00\",\"description\":\"Recettes de desserts \u00e0 l\u2019assiette classique pour gastronomie, fabriqu\u00e9s \u00e0 la main dans nos ateliers par nos p\u00e2tissiers.\",\"breadcrumb\":{\"@id\":\"https:\\\/\\\/www.foodandjoy.be\\\/fr\\\/desserts-a-lassiette\\\/desserts-assiette-classiques\\\/#breadcrumb\"},\"inLanguage\":\"fr-FR\",\"potentialAction\":[{\"@type\":\"ReadAction\",\"target\":[\"https:\\\/\\\/www.foodandjoy.be\\\/fr\\\/desserts-a-lassiette\\\/desserts-assiette-classiques\\\/\"]}]},{\"@type\":\"ImageObject\",\"inLanguage\":\"fr-FR\",\"@id\":\"https:\\\/\\\/www.foodandjoy.be\\\/fr\\\/desserts-a-lassiette\\\/desserts-assiette-classiques\\\/#primaryimage\",\"url\":\"https:\\\/\\\/www.foodandjoy.be\\\/wp-content\\\/uploads\\\/2025\\\/06\\\/product-plated-dessert-6.webp\",\"contentUrl\":\"https:\\\/\\\/www.foodandjoy.be\\\/wp-content\\\/uploads\\\/2025\\\/06\\\/product-plated-dessert-6.webp\",\"width\":1500,\"height\":444,\"caption\":\"Plated desserts by Roplh and Rolph\"},{\"@type\":\"BreadcrumbList\",\"@id\":\"https:\\\/\\\/www.foodandjoy.be\\\/fr\\\/desserts-a-lassiette\\\/desserts-assiette-classiques\\\/#breadcrumb\",\"itemListElement\":[{\"@type\":\"ListItem\",\"position\":1,\"name\":\"Accueil\",\"item\":\"https:\\\/\\\/www.foodandjoy.be\\\/fr\\\/\"},{\"@type\":\"ListItem\",\"position\":2,\"name\":\"Desserts \u00e0 l&rsquo;assiette\",\"item\":\"https:\\\/\\\/www.foodandjoy.be\\\/fr\\\/desserts-a-lassiette\\\/\"},{\"@type\":\"ListItem\",\"position\":3,\"name\":\"Desserts \u00e0 l&#8217;assiette classique\"}]},{\"@type\":\"WebSite\",\"@id\":\"https:\\\/\\\/www.foodandjoy.be\\\/fr\\\/#website\",\"url\":\"https:\\\/\\\/www.foodandjoy.be\\\/fr\\\/\",\"name\":\"Food N&#039;Joy\",\"description\":\"\",\"publisher\":{\"@id\":\"https:\\\/\\\/www.foodandjoy.be\\\/fr\\\/#organization\"},\"potentialAction\":[{\"@type\":\"SearchAction\",\"target\":{\"@type\":\"EntryPoint\",\"urlTemplate\":\"https:\\\/\\\/www.foodandjoy.be\\\/fr\\\/?s={search_term_string}\"},\"query-input\":{\"@type\":\"PropertyValueSpecification\",\"valueRequired\":true,\"valueName\":\"search_term_string\"}}],\"inLanguage\":\"fr-FR\"},{\"@type\":\"Organization\",\"@id\":\"https:\\\/\\\/www.foodandjoy.be\\\/fr\\\/#organization\",\"name\":\"Food N&#039;Joy\",\"url\":\"https:\\\/\\\/www.foodandjoy.be\\\/fr\\\/\",\"logo\":{\"@type\":\"ImageObject\",\"inLanguage\":\"fr-FR\",\"@id\":\"https:\\\/\\\/www.foodandjoy.be\\\/fr\\\/#\\\/schema\\\/logo\\\/image\\\/\",\"url\":\"https:\\\/\\\/www.foodandjoy.be\\\/wp-content\\\/uploads\\\/2025\\\/05\\\/logo-foodandjoy-348x120-1.png\",\"contentUrl\":\"https:\\\/\\\/www.foodandjoy.be\\\/wp-content\\\/uploads\\\/2025\\\/05\\\/logo-foodandjoy-348x120-1.png\",\"width\":351,\"height\":120,\"caption\":\"Food N&#039;Joy\"},\"image\":{\"@id\":\"https:\\\/\\\/www.foodandjoy.be\\\/fr\\\/#\\\/schema\\\/logo\\\/image\\\/\"}}]}<\/script>\n<!-- \/ Yoast SEO plugin. -->","yoast_head_json":{"title":"Desserts \u00e0 l'assiette classique - Food N&#039;Joy","description":"Recettes de desserts \u00e0 l\u2019assiette classique pour gastronomie, fabriqu\u00e9s \u00e0 la main dans nos ateliers par nos p\u00e2tissiers.","robots":{"index":"index","follow":"follow","max-snippet":"max-snippet:-1","max-image-preview":"max-image-preview:large","max-video-preview":"max-video-preview:-1"},"canonical":"https:\/\/www.foodandjoy.be\/fr\/desserts-a-lassiette\/desserts-assiette-classiques\/","og_locale":"fr_FR","og_type":"article","og_title":"Desserts \u00e0 l'assiette classique - Food N&#039;Joy","og_description":"Recettes de desserts \u00e0 l\u2019assiette classique pour gastronomie, fabriqu\u00e9s \u00e0 la main dans nos ateliers par nos p\u00e2tissiers.","og_url":"https:\/\/www.foodandjoy.be\/fr\/desserts-a-lassiette\/desserts-assiette-classiques\/","og_site_name":"Food N&#039;Joy","article_modified_time":"2025-09-01T15:29:25+00:00","og_image":[{"width":1500,"height":444,"url":"https:\/\/www.foodandjoy.be\/wp-content\/uploads\/2025\/06\/product-plated-dessert-6.webp","type":"image\/webp"}],"twitter_card":"summary_large_image","twitter_misc":{"Dur\u00e9e de lecture estim\u00e9e":"1 minute"},"schema":{"@context":"https:\/\/schema.org","@graph":[{"@type":"WebPage","@id":"https:\/\/www.foodandjoy.be\/fr\/desserts-a-lassiette\/desserts-assiette-classiques\/","url":"https:\/\/www.foodandjoy.be\/fr\/desserts-a-lassiette\/desserts-assiette-classiques\/","name":"Desserts \u00e0 l'assiette classique - Food N&#039;Joy","isPartOf":{"@id":"https:\/\/www.foodandjoy.be\/fr\/#website"},"primaryImageOfPage":{"@id":"https:\/\/www.foodandjoy.be\/fr\/desserts-a-lassiette\/desserts-assiette-classiques\/#primaryimage"},"image":{"@id":"https:\/\/www.foodandjoy.be\/fr\/desserts-a-lassiette\/desserts-assiette-classiques\/#primaryimage"},"thumbnailUrl":"https:\/\/www.foodandjoy.be\/wp-content\/uploads\/2025\/06\/product-plated-dessert-6.webp","datePublished":"2025-06-17T13:47:28+00:00","dateModified":"2025-09-01T15:29:25+00:00","description":"Recettes de desserts \u00e0 l\u2019assiette classique pour gastronomie, fabriqu\u00e9s \u00e0 la main dans nos ateliers par nos p\u00e2tissiers.","breadcrumb":{"@id":"https:\/\/www.foodandjoy.be\/fr\/desserts-a-lassiette\/desserts-assiette-classiques\/#breadcrumb"},"inLanguage":"fr-FR","potentialAction":[{"@type":"ReadAction","target":["https:\/\/www.foodandjoy.be\/fr\/desserts-a-lassiette\/desserts-assiette-classiques\/"]}]},{"@type":"ImageObject","inLanguage":"fr-FR","@id":"https:\/\/www.foodandjoy.be\/fr\/desserts-a-lassiette\/desserts-assiette-classiques\/#primaryimage","url":"https:\/\/www.foodandjoy.be\/wp-content\/uploads\/2025\/06\/product-plated-dessert-6.webp","contentUrl":"https:\/\/www.foodandjoy.be\/wp-content\/uploads\/2025\/06\/product-plated-dessert-6.webp","width":1500,"height":444,"caption":"Plated desserts by Roplh and Rolph"},{"@type":"BreadcrumbList","@id":"https:\/\/www.foodandjoy.be\/fr\/desserts-a-lassiette\/desserts-assiette-classiques\/#breadcrumb","itemListElement":[{"@type":"ListItem","position":1,"name":"Accueil","item":"https:\/\/www.foodandjoy.be\/fr\/"},{"@type":"ListItem","position":2,"name":"Desserts \u00e0 l&rsquo;assiette","item":"https:\/\/www.foodandjoy.be\/fr\/desserts-a-lassiette\/"},{"@type":"ListItem","position":3,"name":"Desserts \u00e0 l&#8217;assiette classique"}]},{"@type":"WebSite","@id":"https:\/\/www.foodandjoy.be\/fr\/#website","url":"https:\/\/www.foodandjoy.be\/fr\/","name":"Food N&#039;Joy","description":"","publisher":{"@id":"https:\/\/www.foodandjoy.be\/fr\/#organization"},"potentialAction":[{"@type":"SearchAction","target":{"@type":"EntryPoint","urlTemplate":"https:\/\/www.foodandjoy.be\/fr\/?s={search_term_string}"},"query-input":{"@type":"PropertyValueSpecification","valueRequired":true,"valueName":"search_term_string"}}],"inLanguage":"fr-FR"},{"@type":"Organization","@id":"https:\/\/www.foodandjoy.be\/fr\/#organization","name":"Food N&#039;Joy","url":"https:\/\/www.foodandjoy.be\/fr\/","logo":{"@type":"ImageObject","inLanguage":"fr-FR","@id":"https:\/\/www.foodandjoy.be\/fr\/#\/schema\/logo\/image\/","url":"https:\/\/www.foodandjoy.be\/wp-content\/uploads\/2025\/05\/logo-foodandjoy-348x120-1.png","contentUrl":"https:\/\/www.foodandjoy.be\/wp-content\/uploads\/2025\/05\/logo-foodandjoy-348x120-1.png","width":351,"height":120,"caption":"Food N&#039;Joy"},"image":{"@id":"https:\/\/www.foodandjoy.be\/fr\/#\/schema\/logo\/image\/"}}]}},"_links":{"self":[{"href":"https:\/\/www.foodandjoy.be\/fr\/wp-json\/wp\/v2\/pages\/2789","targetHints":{"allow":["GET"]}}],"collection":[{"href":"https:\/\/www.foodandjoy.be\/fr\/wp-json\/wp\/v2\/pages"}],"about":[{"href":"https:\/\/www.foodandjoy.be\/fr\/wp-json\/wp\/v2\/types\/page"}],"author":[{"embeddable":true,"href":"https:\/\/www.foodandjoy.be\/fr\/wp-json\/wp\/v2\/users\/1"}],"replies":[{"embeddable":true,"href":"https:\/\/www.foodandjoy.be\/fr\/wp-json\/wp\/v2\/comments?post=2789"}],"version-history":[{"count":5,"href":"https:\/\/www.foodandjoy.be\/fr\/wp-json\/wp\/v2\/pages\/2789\/revisions"}],"predecessor-version":[{"id":3152,"href":"https:\/\/www.foodandjoy.be\/fr\/wp-json\/wp\/v2\/pages\/2789\/revisions\/3152"}],"up":[{"embeddable":true,"href":"https:\/\/www.foodandjoy.be\/fr\/wp-json\/wp\/v2\/pages\/2808"}],"wp:featuredmedia":[{"embeddable":true,"href":"https:\/\/www.foodandjoy.be\/fr\/wp-json\/wp\/v2\/media\/2737"}],"wp:attachment":[{"href":"https:\/\/www.foodandjoy.be\/fr\/wp-json\/wp\/v2\/media?parent=2789"}],"curies":[{"name":"wp","href":"https:\/\/api.w.org\/{rel}","templated":true}]}}