{"id":2791,"date":"2025-06-17T15:22:08","date_gmt":"2025-06-17T15:22:08","guid":{"rendered":"https:\/\/foodnjoy.misari.fr\/plan-du-site\/"},"modified":"2025-07-08T13:14:37","modified_gmt":"2025-07-08T13:14:37","slug":"plan-du-site","status":"publish","type":"page","link":"https:\/\/www.foodandjoy.be\/fr\/plan-du-site\/","title":{"rendered":"Plan du site"},"content":{"rendered":"\t\t<div data-elementor-type=\"wp-page\" data-elementor-id=\"2791\" class=\"elementor elementor-2791 elementor-1445\" data-elementor-post-type=\"page\">\n\t\t\t\t<div class=\"elementor-element elementor-element-66ab84f e-flex e-con-boxed e-con e-parent\" data-id=\"66ab84f\" data-element_type=\"container\" data-e-type=\"container\" data-settings=\"{&quot;background_background&quot;:&quot;classic&quot;,&quot;background_motion_fx_motion_fx_scrolling&quot;:&quot;yes&quot;,&quot;background_motion_fx_devices&quot;:[&quot;desktop&quot;,&quot;tablet&quot;,&quot;mobile&quot;]}\">\n\t\t\t\t\t<div class=\"e-con-inner\">\n\t\t\t\t<div class=\"elementor-element elementor-element-a27c254 elementor-widget elementor-widget-heading\" data-id=\"a27c254\" data-element_type=\"widget\" data-e-type=\"widget\" data-widget_type=\"heading.default\">\n\t\t\t\t<div class=\"elementor-widget-container\">\n\t\t\t\t\t<h1 class=\"elementor-heading-title elementor-size-default\">Plan du site<\/h1>\t\t\t\t<\/div>\n\t\t\t\t<\/div>\n\t\t\t\t\t<\/div>\n\t\t\t\t<\/div>\n\t\t<div class=\"elementor-element elementor-element-cecbdb2 e-flex e-con-boxed e-con e-parent\" data-id=\"cecbdb2\" data-element_type=\"container\" data-e-type=\"container\">\n\t\t\t\t\t<div class=\"e-con-inner\">\n\t\t\t\t<div class=\"elementor-element elementor-element-6603124 elementor-widget elementor-widget-sitemap\" data-id=\"6603124\" data-element_type=\"widget\" data-e-type=\"widget\" data-widget_type=\"sitemap.default\">\n\t\t\t\t<div class=\"elementor-widget-container\">\n\t\t\t\t\t<div class=\"elementor-sitemap-wrap\"><div class=\"elementor-sitemap-section\"><h2 class=\"elementor-sitemap-title elementor-sitemap-page-title\">Pages<\/h2><ul class=\"elementor-sitemap-list elementor-sitemap-page-list\"><li class=\"elementor-sitemap-item elementor-sitemap-item-page page_item page-item-2877\"><a href=\"https:\/\/www.foodandjoy.be\/fr\/politique-de-gestion-des-donnees\/\">Politique de gestion des donn\u00e9es<\/a><\/li><li class=\"elementor-sitemap-item elementor-sitemap-item-page page_item page-item-2780\"><a href=\"https:\/\/www.foodandjoy.be\/fr\/\">Food N&rsquo;Joy<\/a><\/li><li class=\"elementor-sitemap-item elementor-sitemap-item-page page_item page-item-2890\"><a href=\"https:\/\/www.foodandjoy.be\/fr\/contact\/\">Contact<\/a><\/li><li class=\"elementor-sitemap-item elementor-sitemap-item-page page_item page-item-2879\"><a href=\"https:\/\/www.foodandjoy.be\/fr\/notre-entreprise\/\">Notre entreprise<\/a><\/li><li class=\"elementor-sitemap-item elementor-sitemap-item-page page_item page-item-2881\"><a href=\"https:\/\/www.foodandjoy.be\/fr\/nos-clients\/\">Nos clients<\/a><ul class='children'><li class=\"elementor-sitemap-item elementor-sitemap-item-page page_item page-item-2875\"><a href=\"https:\/\/www.foodandjoy.be\/fr\/nos-clients\/distributeurs-de-produits-alimentaires\/\">Distributeurs de produits alimentaires<\/a><\/li><li class=\"elementor-sitemap-item elementor-sitemap-item-page page_item page-item-2855\"><a href=\"https:\/\/www.foodandjoy.be\/fr\/nos-clients\/magasins-vente-au-detail\/\">Magasins \/ Vente au d\u00e9tail<\/a><\/li><li class=\"elementor-sitemap-item elementor-sitemap-item-page page_item page-item-2876\"><a href=\"https:\/\/www.foodandjoy.be\/fr\/nos-clients\/ventes-en-ligne\/\">Ventes en ligne<\/a><\/li><li class=\"elementor-sitemap-item elementor-sitemap-item-page page_item page-item-2856\"><a href=\"https:\/\/www.foodandjoy.be\/fr\/nos-clients\/evenementiel-restauration\/\">\u00c9v\u00e9nementiel \/ Restauration<\/a><\/li><li class=\"elementor-sitemap-item elementor-sitemap-item-page page_item page-item-2888\"><a href=\"https:\/\/www.foodandjoy.be\/fr\/nos-clients\/transport-aerien-croisieres\/\">Transport a\u00e9rien \/ Croisi\u00e8res<\/a><\/li><li class=\"elementor-sitemap-item elementor-sitemap-item-page page_item page-item-2857\"><a href=\"https:\/\/www.foodandjoy.be\/fr\/nos-clients\/industriel\/\">Industriel<\/a><\/li><li class=\"elementor-sitemap-item elementor-sitemap-item-page page_item page-item-2889\"><a href=\"https:\/\/www.foodandjoy.be\/fr\/nos-clients\/vente-a-emporter-au-comptoir\/\">Vente \u00e0 emporter \/ vente au comptoir<\/a><\/li><\/ul><\/li><li class=\"elementor-sitemap-item elementor-sitemap-item-page page_item page-item-2872\"><a href=\"https:\/\/www.foodandjoy.be\/fr\/sur-mesure\/\">Sur mesure<\/a><\/li><li class=\"elementor-sitemap-item elementor-sitemap-item-page page_item page-item-2870\"><a href=\"https:\/\/www.foodandjoy.be\/fr\/developpement-durable\/\">D\u00e9veloppement durable<\/a><\/li><li class=\"elementor-sitemap-item elementor-sitemap-item-page page_item page-item-2858\"><a href=\"https:\/\/www.foodandjoy.be\/fr\/produits-100-dorigine-vegetale-sans-gluten\/\">Produits 100% v\u00e9g\u00e9taux \/ Sans gluten<\/a><ul class='children'><li class=\"elementor-sitemap-item elementor-sitemap-item-page page_item page-item-2802\"><a href=\"https:\/\/www.foodandjoy.be\/fr\/produits-100-dorigine-vegetale-sans-gluten\/poche-a-douille-vegan\/\">Poche \u00e0 douille 100% v\u00e9g\u00e9tal \/ sans gluten<\/a><\/li><li class=\"elementor-sitemap-item elementor-sitemap-item-page page_item page-item-2796\"><a href=\"https:\/\/www.foodandjoy.be\/fr\/produits-100-dorigine-vegetale-sans-gluten\/desserts-assiette-vegan\/\">Desserts \u00e0 l&rsquo;assiette 100% v\u00e9g\u00e9tal \/ sans gluten<\/a><\/li><li class=\"elementor-sitemap-item elementor-sitemap-item-page page_item page-item-2852\"><a href=\"https:\/\/www.foodandjoy.be\/fr\/produits-100-dorigine-vegetale-sans-gluten\/verrines-sucrees-vegan\/\">Verrines sucr\u00e9es 100% v\u00e9g\u00e9tal \/ sans gluten<\/a><\/li><\/ul><\/li><li class=\"elementor-sitemap-item elementor-sitemap-item-page page_item page-item-2865\"><a href=\"https:\/\/www.foodandjoy.be\/fr\/bocaux-en-verre\/\">Bocaux en verre<\/a><ul class='children'><li class=\"elementor-sitemap-item elementor-sitemap-item-page page_item page-item-2784\"><a href=\"https:\/\/www.foodandjoy.be\/fr\/bocaux-en-verre\/desserts-en-bocaux\/\">Desserts en bocaux<\/a><\/li><\/ul><\/li><li class=\"elementor-sitemap-item elementor-sitemap-item-page page_item page-item-2846\"><a href=\"https:\/\/www.foodandjoy.be\/fr\/poches-a-garnir\/\">Poche \u00e0 garnir<\/a><ul class='children'><li class=\"elementor-sitemap-item elementor-sitemap-item-page page_item page-item-2793\"><a href=\"https:\/\/www.foodandjoy.be\/fr\/poches-a-garnir\/mousses-au-chocolat\/\">Mousses au chocolat<\/a><\/li><li class=\"elementor-sitemap-item elementor-sitemap-item-page page_item page-item-2787\"><a href=\"https:\/\/www.foodandjoy.be\/fr\/poches-a-garnir\/mousses-de-fruits-et-dagrumes\/\">Mousses de fruits et d&rsquo;agrumes<\/a><\/li><li class=\"elementor-sitemap-item elementor-sitemap-item-page page_item page-item-2783\"><a href=\"https:\/\/www.foodandjoy.be\/fr\/poches-a-garnir\/mousses-de-fruits-secs-et-depices\/\">Mousses de fruits secs et d&rsquo;\u00e9pices<\/a><\/li><\/ul><\/li><li class=\"elementor-sitemap-item elementor-sitemap-item-page page_item page-item-2808\"><a href=\"https:\/\/www.foodandjoy.be\/fr\/desserts-a-lassiette\/\">Desserts \u00e0 l&rsquo;assiette<\/a><ul class='children'><li class=\"elementor-sitemap-item elementor-sitemap-item-page page_item page-item-2789\"><a href=\"https:\/\/www.foodandjoy.be\/fr\/desserts-a-lassiette\/desserts-assiette-classiques\/\">Desserts \u00e0 l&rsquo;assiette classique<\/a><\/li><\/ul><\/li><li class=\"elementor-sitemap-item elementor-sitemap-item-page page_item page-item-2811\"><a href=\"https:\/\/www.foodandjoy.be\/fr\/verrines-salees-2\/\">Verrines sal\u00e9es<\/a><ul class='children'><li class=\"elementor-sitemap-item elementor-sitemap-item-page page_item page-item-2786\"><a href=\"https:\/\/www.foodandjoy.be\/fr\/verrines-salees-2\/verrines-salees\/\">Verrines sal\u00e9es en verre<\/a><\/li><li class=\"elementor-sitemap-item elementor-sitemap-item-page page_item page-item-2782\"><a href=\"https:\/\/www.foodandjoy.be\/fr\/verrines-salees-2\/verrines-salees-en-plastique\/\">Verrines sal\u00e9es en plastique<\/a><\/li><\/ul><\/li><li class=\"elementor-sitemap-item elementor-sitemap-item-page page_item page-item-2815\"><a href=\"https:\/\/www.foodandjoy.be\/fr\/verrines-sucrees\/\">Verrines sucr\u00e9es<\/a><ul class='children'><li class=\"elementor-sitemap-item elementor-sitemap-item-page page_item page-item-2785\"><a href=\"https:\/\/www.foodandjoy.be\/fr\/verrines-sucrees\/verrines-sucrees\/\">Verrines sucr\u00e9es en verre<\/a><\/li><li class=\"elementor-sitemap-item elementor-sitemap-item-page page_item page-item-2790\"><a href=\"https:\/\/www.foodandjoy.be\/fr\/verrines-sucrees\/douces-verrines-en-plastique\/\">Verrines sucr\u00e9es en plastique<\/a><\/li><\/ul><\/li><li class=\"elementor-sitemap-item elementor-sitemap-item-page page_item page-item-2823\"><a href=\"https:\/\/www.foodandjoy.be\/fr\/desserts-individuels\/\">Desserts individuels<\/a><ul class='children'><li class=\"elementor-sitemap-item elementor-sitemap-item-page page_item page-item-2788\"><a href=\"https:\/\/www.foodandjoy.be\/fr\/desserts-individuels\/desserts-a-emporter\/\">Desserts \u00e0 emporter<\/a><\/li><\/ul><\/li><li class=\"elementor-sitemap-item elementor-sitemap-item-page page_item page-item-2797\"><a href=\"https:\/\/www.foodandjoy.be\/fr\/fonds-de-tartelettes\/\">Fonds de tartelettes<\/a><ul class='children'><li class=\"elementor-sitemap-item elementor-sitemap-item-page page_item page-item-2804\"><a href=\"https:\/\/www.foodandjoy.be\/fr\/fonds-de-tartelettes\/pop\/\">Pop<\/a><\/li><li class=\"elementor-sitemap-item elementor-sitemap-item-page page_item page-item-2801\"><a href=\"https:\/\/www.foodandjoy.be\/fr\/fonds-de-tartelettes\/rustique\/\">Rustique<\/a><\/li><li class=\"elementor-sitemap-item elementor-sitemap-item-page page_item page-item-2851\"><a href=\"https:\/\/www.foodandjoy.be\/fr\/fonds-de-tartelettes\/legumes\/\">L\u00e9gumes<\/a><\/li><li class=\"elementor-sitemap-item elementor-sitemap-item-page page_item page-item-2794\"><a href=\"https:\/\/www.foodandjoy.be\/fr\/fonds-de-tartelettes\/patisserie\/\">P\u00e2tisserie<\/a><\/li><li class=\"elementor-sitemap-item elementor-sitemap-item-page page_item page-item-2795\"><a href=\"https:\/\/www.foodandjoy.be\/fr\/fonds-de-tartelettes\/neutre\/\">Neutre<\/a><\/li><\/ul><\/li><li class=\"elementor-sitemap-item elementor-sitemap-item-page page_item page-item-2791\"><a href=\"https:\/\/www.foodandjoy.be\/fr\/plan-du-site\/\">Plan du site<\/a><\/li><\/ul><\/div><\/div>\t\t\t\t<\/div>\n\t\t\t\t<\/div>\n\t\t\t\t\t<\/div>\n\t\t\t\t<\/div>\n\t\t\t\t<\/div>\n\t\t","protected":false},"excerpt":{"rendered":"","protected":false},"author":1,"featured_media":0,"parent":0,"menu_order":0,"comment_status":"closed","ping_status":"closed","template":"","meta":{"_acf_changed":false,"footnotes":""},"class_list":["post-2791","page","type-page","status-publish","hentry"],"acf":[],"yoast_head":"<!-- This site is optimized with the Yoast SEO plugin v27.4 - https:\/\/yoast.com\/product\/yoast-seo-wordpress\/ -->\n<title>Plan du site - Food N&#039;Joy<\/title>\n<meta name=\"robots\" content=\"noindex, follow\" \/>\n<meta property=\"og:locale\" content=\"fr_FR\" \/>\n<meta property=\"og:type\" content=\"article\" \/>\n<meta property=\"og:title\" content=\"Plan du site - Food N&#039;Joy\" \/>\n<meta property=\"og:url\" content=\"https:\/\/www.foodandjoy.be\/fr\/plan-du-site\/\" \/>\n<meta property=\"og:site_name\" content=\"Food N&#039;Joy\" \/>\n<meta property=\"article:modified_time\" content=\"2025-07-08T13:14:37+00:00\" \/>\n<meta name=\"twitter:card\" content=\"summary_large_image\" \/>\n<script type=\"application\/ld+json\" class=\"yoast-schema-graph\">{\"@context\":\"https:\\\/\\\/schema.org\",\"@graph\":[{\"@type\":\"WebPage\",\"@id\":\"https:\\\/\\\/www.foodandjoy.be\\\/fr\\\/plan-du-site\\\/\",\"url\":\"https:\\\/\\\/www.foodandjoy.be\\\/fr\\\/plan-du-site\\\/\",\"name\":\"Plan du site - Food N&#039;Joy\",\"isPartOf\":{\"@id\":\"https:\\\/\\\/www.foodandjoy.be\\\/fr\\\/#website\"},\"datePublished\":\"2025-06-17T15:22:08+00:00\",\"dateModified\":\"2025-07-08T13:14:37+00:00\",\"breadcrumb\":{\"@id\":\"https:\\\/\\\/www.foodandjoy.be\\\/fr\\\/plan-du-site\\\/#breadcrumb\"},\"inLanguage\":\"fr-FR\",\"potentialAction\":[{\"@type\":\"ReadAction\",\"target\":[\"https:\\\/\\\/www.foodandjoy.be\\\/fr\\\/plan-du-site\\\/\"]}]},{\"@type\":\"BreadcrumbList\",\"@id\":\"https:\\\/\\\/www.foodandjoy.be\\\/fr\\\/plan-du-site\\\/#breadcrumb\",\"itemListElement\":[{\"@type\":\"ListItem\",\"position\":1,\"name\":\"Accueil\",\"item\":\"https:\\\/\\\/www.foodandjoy.be\\\/fr\\\/\"},{\"@type\":\"ListItem\",\"position\":2,\"name\":\"Plan du site\"}]},{\"@type\":\"WebSite\",\"@id\":\"https:\\\/\\\/www.foodandjoy.be\\\/fr\\\/#website\",\"url\":\"https:\\\/\\\/www.foodandjoy.be\\\/fr\\\/\",\"name\":\"Food N&#039;Joy\",\"description\":\"\",\"publisher\":{\"@id\":\"https:\\\/\\\/www.foodandjoy.be\\\/fr\\\/#organization\"},\"potentialAction\":[{\"@type\":\"SearchAction\",\"target\":{\"@type\":\"EntryPoint\",\"urlTemplate\":\"https:\\\/\\\/www.foodandjoy.be\\\/fr\\\/?s={search_term_string}\"},\"query-input\":{\"@type\":\"PropertyValueSpecification\",\"valueRequired\":true,\"valueName\":\"search_term_string\"}}],\"inLanguage\":\"fr-FR\"},{\"@type\":\"Organization\",\"@id\":\"https:\\\/\\\/www.foodandjoy.be\\\/fr\\\/#organization\",\"name\":\"Food N&#039;Joy\",\"url\":\"https:\\\/\\\/www.foodandjoy.be\\\/fr\\\/\",\"logo\":{\"@type\":\"ImageObject\",\"inLanguage\":\"fr-FR\",\"@id\":\"https:\\\/\\\/www.foodandjoy.be\\\/fr\\\/#\\\/schema\\\/logo\\\/image\\\/\",\"url\":\"https:\\\/\\\/www.foodandjoy.be\\\/wp-content\\\/uploads\\\/2025\\\/05\\\/logo-foodandjoy-348x120-1.png\",\"contentUrl\":\"https:\\\/\\\/www.foodandjoy.be\\\/wp-content\\\/uploads\\\/2025\\\/05\\\/logo-foodandjoy-348x120-1.png\",\"width\":351,\"height\":120,\"caption\":\"Food N&#039;Joy\"},\"image\":{\"@id\":\"https:\\\/\\\/www.foodandjoy.be\\\/fr\\\/#\\\/schema\\\/logo\\\/image\\\/\"}}]}<\/script>\n<!-- \/ Yoast SEO plugin. -->","yoast_head_json":{"title":"Plan du site - Food N&#039;Joy","robots":{"index":"noindex","follow":"follow"},"og_locale":"fr_FR","og_type":"article","og_title":"Plan du site - Food N&#039;Joy","og_url":"https:\/\/www.foodandjoy.be\/fr\/plan-du-site\/","og_site_name":"Food N&#039;Joy","article_modified_time":"2025-07-08T13:14:37+00:00","twitter_card":"summary_large_image","schema":{"@context":"https:\/\/schema.org","@graph":[{"@type":"WebPage","@id":"https:\/\/www.foodandjoy.be\/fr\/plan-du-site\/","url":"https:\/\/www.foodandjoy.be\/fr\/plan-du-site\/","name":"Plan du site - Food N&#039;Joy","isPartOf":{"@id":"https:\/\/www.foodandjoy.be\/fr\/#website"},"datePublished":"2025-06-17T15:22:08+00:00","dateModified":"2025-07-08T13:14:37+00:00","breadcrumb":{"@id":"https:\/\/www.foodandjoy.be\/fr\/plan-du-site\/#breadcrumb"},"inLanguage":"fr-FR","potentialAction":[{"@type":"ReadAction","target":["https:\/\/www.foodandjoy.be\/fr\/plan-du-site\/"]}]},{"@type":"BreadcrumbList","@id":"https:\/\/www.foodandjoy.be\/fr\/plan-du-site\/#breadcrumb","itemListElement":[{"@type":"ListItem","position":1,"name":"Accueil","item":"https:\/\/www.foodandjoy.be\/fr\/"},{"@type":"ListItem","position":2,"name":"Plan du site"}]},{"@type":"WebSite","@id":"https:\/\/www.foodandjoy.be\/fr\/#website","url":"https:\/\/www.foodandjoy.be\/fr\/","name":"Food N&#039;Joy","description":"","publisher":{"@id":"https:\/\/www.foodandjoy.be\/fr\/#organization"},"potentialAction":[{"@type":"SearchAction","target":{"@type":"EntryPoint","urlTemplate":"https:\/\/www.foodandjoy.be\/fr\/?s={search_term_string}"},"query-input":{"@type":"PropertyValueSpecification","valueRequired":true,"valueName":"search_term_string"}}],"inLanguage":"fr-FR"},{"@type":"Organization","@id":"https:\/\/www.foodandjoy.be\/fr\/#organization","name":"Food N&#039;Joy","url":"https:\/\/www.foodandjoy.be\/fr\/","logo":{"@type":"ImageObject","inLanguage":"fr-FR","@id":"https:\/\/www.foodandjoy.be\/fr\/#\/schema\/logo\/image\/","url":"https:\/\/www.foodandjoy.be\/wp-content\/uploads\/2025\/05\/logo-foodandjoy-348x120-1.png","contentUrl":"https:\/\/www.foodandjoy.be\/wp-content\/uploads\/2025\/05\/logo-foodandjoy-348x120-1.png","width":351,"height":120,"caption":"Food N&#039;Joy"},"image":{"@id":"https:\/\/www.foodandjoy.be\/fr\/#\/schema\/logo\/image\/"}}]}},"_links":{"self":[{"href":"https:\/\/www.foodandjoy.be\/fr\/wp-json\/wp\/v2\/pages\/2791","targetHints":{"allow":["GET"]}}],"collection":[{"href":"https:\/\/www.foodandjoy.be\/fr\/wp-json\/wp\/v2\/pages"}],"about":[{"href":"https:\/\/www.foodandjoy.be\/fr\/wp-json\/wp\/v2\/types\/page"}],"author":[{"embeddable":true,"href":"https:\/\/www.foodandjoy.be\/fr\/wp-json\/wp\/v2\/users\/1"}],"replies":[{"embeddable":true,"href":"https:\/\/www.foodandjoy.be\/fr\/wp-json\/wp\/v2\/comments?post=2791"}],"version-history":[{"count":1,"href":"https:\/\/www.foodandjoy.be\/fr\/wp-json\/wp\/v2\/pages\/2791\/revisions"}],"predecessor-version":[{"id":2792,"href":"https:\/\/www.foodandjoy.be\/fr\/wp-json\/wp\/v2\/pages\/2791\/revisions\/2792"}],"wp:attachment":[{"href":"https:\/\/www.foodandjoy.be\/fr\/wp-json\/wp\/v2\/media?parent=2791"}],"curies":[{"name":"wp","href":"https:\/\/api.w.org\/{rel}","templated":true}]}}