{"id":2802,"date":"2025-06-16T14:49:21","date_gmt":"2025-06-16T14:49:21","guid":{"rendered":"https:\/\/foodnjoy.misari.fr\/poche-a-douille-vegetalienne\/"},"modified":"2025-09-01T15:03:06","modified_gmt":"2025-09-01T15:03:06","slug":"poche-a-douille-vegan","status":"publish","type":"page","link":"https:\/\/www.foodandjoy.be\/fr\/produits-100-dorigine-vegetale-sans-gluten\/poche-a-douille-vegan\/","title":{"rendered":"Poche \u00e0 douille 100% v\u00e9g\u00e9tal \/ sans gluten"},"content":{"rendered":"","protected":false},"excerpt":{"rendered":"","protected":false},"author":1,"featured_media":2731,"parent":2858,"menu_order":0,"comment_status":"closed","ping_status":"closed","template":"","meta":{"_acf_changed":false,"footnotes":""},"class_list":["post-2802","page","type-page","status-publish","has-post-thumbnail","hentry"],"acf":[],"yoast_head":"<!-- This site is optimized with the Yoast SEO plugin v27.4 - https:\/\/yoast.com\/product\/yoast-seo-wordpress\/ -->\n<title>Poche \u00e0 douille 100% v\u00e9g\u00e9tal \/ sans gluten - Food N&#039;Joy<\/title>\n<meta name=\"description\" content=\"Mousses 100% v\u00e9g\u00e9taux en poche \u00e0 douille, pr\u00eates \u00e0 dresser. Un produit 100% v\u00e9g\u00e9tal pour les professionnels de l\u2019alimentation.\" \/>\n<meta name=\"robots\" content=\"index, follow, max-snippet:-1, max-image-preview:large, max-video-preview:-1\" \/>\n<link rel=\"canonical\" href=\"https:\/\/www.foodandjoy.be\/fr\/produits-100-dorigine-vegetale-sans-gluten\/poche-a-douille-vegan\/\" \/>\n<meta property=\"og:locale\" content=\"fr_FR\" \/>\n<meta property=\"og:type\" content=\"article\" \/>\n<meta property=\"og:title\" content=\"Poche \u00e0 douille 100% v\u00e9g\u00e9tal \/ sans gluten - Food N&#039;Joy\" \/>\n<meta property=\"og:description\" content=\"Mousses 100% v\u00e9g\u00e9taux en poche \u00e0 douille, pr\u00eates \u00e0 dresser. Un produit 100% v\u00e9g\u00e9tal pour les professionnels de l\u2019alimentation.\" \/>\n<meta property=\"og:url\" content=\"https:\/\/www.foodandjoy.be\/fr\/produits-100-dorigine-vegetale-sans-gluten\/poche-a-douille-vegan\/\" \/>\n<meta property=\"og:site_name\" content=\"Food N&#039;Joy\" \/>\n<meta property=\"article:modified_time\" content=\"2025-09-01T15:03:06+00:00\" \/>\n<meta property=\"og:image\" content=\"https:\/\/www.foodandjoy.be\/wp-content\/uploads\/2025\/06\/product-vegan-piping-4.webp\" \/>\n\t<meta property=\"og:image:width\" content=\"1200\" \/>\n\t<meta property=\"og:image:height\" content=\"798\" \/>\n\t<meta property=\"og:image:type\" content=\"image\/webp\" \/>\n<meta name=\"twitter:card\" content=\"summary_large_image\" \/>\n<meta name=\"twitter:label1\" content=\"Dur\u00e9e de lecture estim\u00e9e\" \/>\n\t<meta name=\"twitter:data1\" content=\"1 minute\" \/>\n<script type=\"application\/ld+json\" class=\"yoast-schema-graph\">{\"@context\":\"https:\\\/\\\/schema.org\",\"@graph\":[{\"@type\":\"WebPage\",\"@id\":\"https:\\\/\\\/www.foodandjoy.be\\\/fr\\\/produits-100-dorigine-vegetale-sans-gluten\\\/poche-a-douille-vegan\\\/\",\"url\":\"https:\\\/\\\/www.foodandjoy.be\\\/fr\\\/produits-100-dorigine-vegetale-sans-gluten\\\/poche-a-douille-vegan\\\/\",\"name\":\"Poche \u00e0 douille 100% v\u00e9g\u00e9tal \\\/ sans gluten - Food N&#039;Joy\",\"isPartOf\":{\"@id\":\"https:\\\/\\\/www.foodandjoy.be\\\/fr\\\/#website\"},\"primaryImageOfPage\":{\"@id\":\"https:\\\/\\\/www.foodandjoy.be\\\/fr\\\/produits-100-dorigine-vegetale-sans-gluten\\\/poche-a-douille-vegan\\\/#primaryimage\"},\"image\":{\"@id\":\"https:\\\/\\\/www.foodandjoy.be\\\/fr\\\/produits-100-dorigine-vegetale-sans-gluten\\\/poche-a-douille-vegan\\\/#primaryimage\"},\"thumbnailUrl\":\"https:\\\/\\\/www.foodandjoy.be\\\/wp-content\\\/uploads\\\/2025\\\/06\\\/product-vegan-piping-4.webp\",\"datePublished\":\"2025-06-16T14:49:21+00:00\",\"dateModified\":\"2025-09-01T15:03:06+00:00\",\"description\":\"Mousses 100% v\u00e9g\u00e9taux en poche \u00e0 douille, pr\u00eates \u00e0 dresser. Un produit 100% v\u00e9g\u00e9tal pour les professionnels de l\u2019alimentation.\",\"breadcrumb\":{\"@id\":\"https:\\\/\\\/www.foodandjoy.be\\\/fr\\\/produits-100-dorigine-vegetale-sans-gluten\\\/poche-a-douille-vegan\\\/#breadcrumb\"},\"inLanguage\":\"fr-FR\",\"potentialAction\":[{\"@type\":\"ReadAction\",\"target\":[\"https:\\\/\\\/www.foodandjoy.be\\\/fr\\\/produits-100-dorigine-vegetale-sans-gluten\\\/poche-a-douille-vegan\\\/\"]}]},{\"@type\":\"ImageObject\",\"inLanguage\":\"fr-FR\",\"@id\":\"https:\\\/\\\/www.foodandjoy.be\\\/fr\\\/produits-100-dorigine-vegetale-sans-gluten\\\/poche-a-douille-vegan\\\/#primaryimage\",\"url\":\"https:\\\/\\\/www.foodandjoy.be\\\/wp-content\\\/uploads\\\/2025\\\/06\\\/product-vegan-piping-4.webp\",\"contentUrl\":\"https:\\\/\\\/www.foodandjoy.be\\\/wp-content\\\/uploads\\\/2025\\\/06\\\/product-vegan-piping-4.webp\",\"width\":1200,\"height\":798,\"caption\":\"vegan pipping bags by vegan desserts\"},{\"@type\":\"BreadcrumbList\",\"@id\":\"https:\\\/\\\/www.foodandjoy.be\\\/fr\\\/produits-100-dorigine-vegetale-sans-gluten\\\/poche-a-douille-vegan\\\/#breadcrumb\",\"itemListElement\":[{\"@type\":\"ListItem\",\"position\":1,\"name\":\"Accueil\",\"item\":\"https:\\\/\\\/www.foodandjoy.be\\\/fr\\\/\"},{\"@type\":\"ListItem\",\"position\":2,\"name\":\"Produits 100% v\u00e9g\u00e9taux \\\/ Sans gluten\",\"item\":\"https:\\\/\\\/www.foodandjoy.be\\\/fr\\\/produits-100-dorigine-vegetale-sans-gluten\\\/\"},{\"@type\":\"ListItem\",\"position\":3,\"name\":\"Poche \u00e0 douille 100% v\u00e9g\u00e9tal \\\/ sans gluten\"}]},{\"@type\":\"WebSite\",\"@id\":\"https:\\\/\\\/www.foodandjoy.be\\\/fr\\\/#website\",\"url\":\"https:\\\/\\\/www.foodandjoy.be\\\/fr\\\/\",\"name\":\"Food N&#039;Joy\",\"description\":\"\",\"publisher\":{\"@id\":\"https:\\\/\\\/www.foodandjoy.be\\\/fr\\\/#organization\"},\"potentialAction\":[{\"@type\":\"SearchAction\",\"target\":{\"@type\":\"EntryPoint\",\"urlTemplate\":\"https:\\\/\\\/www.foodandjoy.be\\\/fr\\\/?s={search_term_string}\"},\"query-input\":{\"@type\":\"PropertyValueSpecification\",\"valueRequired\":true,\"valueName\":\"search_term_string\"}}],\"inLanguage\":\"fr-FR\"},{\"@type\":\"Organization\",\"@id\":\"https:\\\/\\\/www.foodandjoy.be\\\/fr\\\/#organization\",\"name\":\"Food N&#039;Joy\",\"url\":\"https:\\\/\\\/www.foodandjoy.be\\\/fr\\\/\",\"logo\":{\"@type\":\"ImageObject\",\"inLanguage\":\"fr-FR\",\"@id\":\"https:\\\/\\\/www.foodandjoy.be\\\/fr\\\/#\\\/schema\\\/logo\\\/image\\\/\",\"url\":\"https:\\\/\\\/www.foodandjoy.be\\\/wp-content\\\/uploads\\\/2025\\\/05\\\/logo-foodandjoy-348x120-1.png\",\"contentUrl\":\"https:\\\/\\\/www.foodandjoy.be\\\/wp-content\\\/uploads\\\/2025\\\/05\\\/logo-foodandjoy-348x120-1.png\",\"width\":351,\"height\":120,\"caption\":\"Food N&#039;Joy\"},\"image\":{\"@id\":\"https:\\\/\\\/www.foodandjoy.be\\\/fr\\\/#\\\/schema\\\/logo\\\/image\\\/\"}}]}<\/script>\n<!-- \/ Yoast SEO plugin. -->","yoast_head_json":{"title":"Poche \u00e0 douille 100% v\u00e9g\u00e9tal \/ sans gluten - Food N&#039;Joy","description":"Mousses 100% v\u00e9g\u00e9taux en poche \u00e0 douille, pr\u00eates \u00e0 dresser. Un produit 100% v\u00e9g\u00e9tal pour les professionnels de l\u2019alimentation.","robots":{"index":"index","follow":"follow","max-snippet":"max-snippet:-1","max-image-preview":"max-image-preview:large","max-video-preview":"max-video-preview:-1"},"canonical":"https:\/\/www.foodandjoy.be\/fr\/produits-100-dorigine-vegetale-sans-gluten\/poche-a-douille-vegan\/","og_locale":"fr_FR","og_type":"article","og_title":"Poche \u00e0 douille 100% v\u00e9g\u00e9tal \/ sans gluten - Food N&#039;Joy","og_description":"Mousses 100% v\u00e9g\u00e9taux en poche \u00e0 douille, pr\u00eates \u00e0 dresser. Un produit 100% v\u00e9g\u00e9tal pour les professionnels de l\u2019alimentation.","og_url":"https:\/\/www.foodandjoy.be\/fr\/produits-100-dorigine-vegetale-sans-gluten\/poche-a-douille-vegan\/","og_site_name":"Food N&#039;Joy","article_modified_time":"2025-09-01T15:03:06+00:00","og_image":[{"width":1200,"height":798,"url":"https:\/\/www.foodandjoy.be\/wp-content\/uploads\/2025\/06\/product-vegan-piping-4.webp","type":"image\/webp"}],"twitter_card":"summary_large_image","twitter_misc":{"Dur\u00e9e de lecture estim\u00e9e":"1 minute"},"schema":{"@context":"https:\/\/schema.org","@graph":[{"@type":"WebPage","@id":"https:\/\/www.foodandjoy.be\/fr\/produits-100-dorigine-vegetale-sans-gluten\/poche-a-douille-vegan\/","url":"https:\/\/www.foodandjoy.be\/fr\/produits-100-dorigine-vegetale-sans-gluten\/poche-a-douille-vegan\/","name":"Poche \u00e0 douille 100% v\u00e9g\u00e9tal \/ sans gluten - Food N&#039;Joy","isPartOf":{"@id":"https:\/\/www.foodandjoy.be\/fr\/#website"},"primaryImageOfPage":{"@id":"https:\/\/www.foodandjoy.be\/fr\/produits-100-dorigine-vegetale-sans-gluten\/poche-a-douille-vegan\/#primaryimage"},"image":{"@id":"https:\/\/www.foodandjoy.be\/fr\/produits-100-dorigine-vegetale-sans-gluten\/poche-a-douille-vegan\/#primaryimage"},"thumbnailUrl":"https:\/\/www.foodandjoy.be\/wp-content\/uploads\/2025\/06\/product-vegan-piping-4.webp","datePublished":"2025-06-16T14:49:21+00:00","dateModified":"2025-09-01T15:03:06+00:00","description":"Mousses 100% v\u00e9g\u00e9taux en poche \u00e0 douille, pr\u00eates \u00e0 dresser. Un produit 100% v\u00e9g\u00e9tal pour les professionnels de l\u2019alimentation.","breadcrumb":{"@id":"https:\/\/www.foodandjoy.be\/fr\/produits-100-dorigine-vegetale-sans-gluten\/poche-a-douille-vegan\/#breadcrumb"},"inLanguage":"fr-FR","potentialAction":[{"@type":"ReadAction","target":["https:\/\/www.foodandjoy.be\/fr\/produits-100-dorigine-vegetale-sans-gluten\/poche-a-douille-vegan\/"]}]},{"@type":"ImageObject","inLanguage":"fr-FR","@id":"https:\/\/www.foodandjoy.be\/fr\/produits-100-dorigine-vegetale-sans-gluten\/poche-a-douille-vegan\/#primaryimage","url":"https:\/\/www.foodandjoy.be\/wp-content\/uploads\/2025\/06\/product-vegan-piping-4.webp","contentUrl":"https:\/\/www.foodandjoy.be\/wp-content\/uploads\/2025\/06\/product-vegan-piping-4.webp","width":1200,"height":798,"caption":"vegan pipping bags by vegan desserts"},{"@type":"BreadcrumbList","@id":"https:\/\/www.foodandjoy.be\/fr\/produits-100-dorigine-vegetale-sans-gluten\/poche-a-douille-vegan\/#breadcrumb","itemListElement":[{"@type":"ListItem","position":1,"name":"Accueil","item":"https:\/\/www.foodandjoy.be\/fr\/"},{"@type":"ListItem","position":2,"name":"Produits 100% v\u00e9g\u00e9taux \/ Sans gluten","item":"https:\/\/www.foodandjoy.be\/fr\/produits-100-dorigine-vegetale-sans-gluten\/"},{"@type":"ListItem","position":3,"name":"Poche \u00e0 douille 100% v\u00e9g\u00e9tal \/ sans gluten"}]},{"@type":"WebSite","@id":"https:\/\/www.foodandjoy.be\/fr\/#website","url":"https:\/\/www.foodandjoy.be\/fr\/","name":"Food N&#039;Joy","description":"","publisher":{"@id":"https:\/\/www.foodandjoy.be\/fr\/#organization"},"potentialAction":[{"@type":"SearchAction","target":{"@type":"EntryPoint","urlTemplate":"https:\/\/www.foodandjoy.be\/fr\/?s={search_term_string}"},"query-input":{"@type":"PropertyValueSpecification","valueRequired":true,"valueName":"search_term_string"}}],"inLanguage":"fr-FR"},{"@type":"Organization","@id":"https:\/\/www.foodandjoy.be\/fr\/#organization","name":"Food N&#039;Joy","url":"https:\/\/www.foodandjoy.be\/fr\/","logo":{"@type":"ImageObject","inLanguage":"fr-FR","@id":"https:\/\/www.foodandjoy.be\/fr\/#\/schema\/logo\/image\/","url":"https:\/\/www.foodandjoy.be\/wp-content\/uploads\/2025\/05\/logo-foodandjoy-348x120-1.png","contentUrl":"https:\/\/www.foodandjoy.be\/wp-content\/uploads\/2025\/05\/logo-foodandjoy-348x120-1.png","width":351,"height":120,"caption":"Food N&#039;Joy"},"image":{"@id":"https:\/\/www.foodandjoy.be\/fr\/#\/schema\/logo\/image\/"}}]}},"_links":{"self":[{"href":"https:\/\/www.foodandjoy.be\/fr\/wp-json\/wp\/v2\/pages\/2802","targetHints":{"allow":["GET"]}}],"collection":[{"href":"https:\/\/www.foodandjoy.be\/fr\/wp-json\/wp\/v2\/pages"}],"about":[{"href":"https:\/\/www.foodandjoy.be\/fr\/wp-json\/wp\/v2\/types\/page"}],"author":[{"embeddable":true,"href":"https:\/\/www.foodandjoy.be\/fr\/wp-json\/wp\/v2\/users\/1"}],"replies":[{"embeddable":true,"href":"https:\/\/www.foodandjoy.be\/fr\/wp-json\/wp\/v2\/comments?post=2802"}],"version-history":[{"count":6,"href":"https:\/\/www.foodandjoy.be\/fr\/wp-json\/wp\/v2\/pages\/2802\/revisions"}],"predecessor-version":[{"id":3029,"href":"https:\/\/www.foodandjoy.be\/fr\/wp-json\/wp\/v2\/pages\/2802\/revisions\/3029"}],"up":[{"embeddable":true,"href":"https:\/\/www.foodandjoy.be\/fr\/wp-json\/wp\/v2\/pages\/2858"}],"wp:featuredmedia":[{"embeddable":true,"href":"https:\/\/www.foodandjoy.be\/fr\/wp-json\/wp\/v2\/media\/2731"}],"wp:attachment":[{"href":"https:\/\/www.foodandjoy.be\/fr\/wp-json\/wp\/v2\/media?parent=2802"}],"curies":[{"name":"wp","href":"https:\/\/api.w.org\/{rel}","templated":true}]}}