{"id":2811,"date":"2025-06-03T13:35:35","date_gmt":"2025-06-03T13:35:35","guid":{"rendered":"https:\/\/foodnjoy.misari.fr\/verrines-salees-2\/"},"modified":"2025-09-01T15:30:08","modified_gmt":"2025-09-01T15:30:08","slug":"verrines-salees-2","status":"publish","type":"page","link":"https:\/\/www.foodandjoy.be\/fr\/verrines-salees-2\/","title":{"rendered":"Verrines sal\u00e9es"},"content":{"rendered":"\t\t<div data-elementor-type=\"wp-page\" data-elementor-id=\"2811\" class=\"elementor elementor-2811 elementor-450\" data-elementor-post-type=\"page\">\n\t\t\t\t<div class=\"elementor-element elementor-element-05b3cbc e-flex e-con-boxed e-con e-parent\" data-id=\"05b3cbc\" data-element_type=\"container\" data-e-type=\"container\">\n\t\t\t\t\t<div class=\"e-con-inner\">\n\t\t\t\t<div class=\"elementor-element elementor-element-edc124e elementor-widget elementor-widget-shortcode\" data-id=\"edc124e\" data-element_type=\"widget\" data-e-type=\"widget\" data-widget_type=\"shortcode.default\">\n\t\t\t\t<div class=\"elementor-widget-container\">\n\t\t\t\t\t\t\t<div class=\"elementor-shortcode\"><\/div>\n\t\t\t\t\t\t<\/div>\n\t\t\t\t<\/div>\n\t\t\t\t\t<\/div>\n\t\t\t\t<\/div>\n\t\t\t\t<\/div>\n\t\t","protected":false},"excerpt":{"rendered":"","protected":false},"author":1,"featured_media":2671,"parent":0,"menu_order":5,"comment_status":"closed","ping_status":"closed","template":"","meta":{"_acf_changed":false,"footnotes":""},"class_list":["post-2811","page","type-page","status-publish","has-post-thumbnail","hentry"],"acf":[],"yoast_head":"<!-- This site is optimized with the Yoast SEO plugin v27.4 - https:\/\/yoast.com\/product\/yoast-seo-wordpress\/ -->\n<title>Verrines sal\u00e9es - Food N&#039;Joy<\/title>\n<meta name=\"description\" content=\"Verrines sal\u00e9es gourmandes pour traiteurs, magasins &amp; \u00e9v\u00e9nements.\" \/>\n<meta name=\"robots\" content=\"index, follow, max-snippet:-1, max-image-preview:large, max-video-preview:-1\" \/>\n<link rel=\"canonical\" href=\"https:\/\/www.foodandjoy.be\/fr\/verrines-salees-2\/\" \/>\n<meta property=\"og:locale\" content=\"fr_FR\" \/>\n<meta property=\"og:type\" content=\"article\" \/>\n<meta property=\"og:title\" content=\"Verrines sal\u00e9es - Food N&#039;Joy\" \/>\n<meta property=\"og:description\" content=\"Verrines sal\u00e9es gourmandes pour traiteurs, magasins &amp; \u00e9v\u00e9nements.\" \/>\n<meta property=\"og:url\" content=\"https:\/\/www.foodandjoy.be\/fr\/verrines-salees-2\/\" \/>\n<meta property=\"og:site_name\" content=\"Food N&#039;Joy\" \/>\n<meta property=\"article:modified_time\" content=\"2025-09-01T15:30:08+00:00\" \/>\n<meta property=\"og:image\" content=\"https:\/\/www.foodandjoy.be\/wp-content\/uploads\/2025\/05\/category-savory-verrines.webp\" \/>\n\t<meta property=\"og:image:width\" content=\"800\" \/>\n\t<meta property=\"og:image:height\" content=\"500\" \/>\n\t<meta property=\"og:image:type\" content=\"image\/webp\" \/>\n<meta name=\"twitter:card\" content=\"summary_large_image\" \/>\n<meta name=\"twitter:label1\" content=\"Dur\u00e9e de lecture estim\u00e9e\" \/>\n\t<meta name=\"twitter:data1\" content=\"1 minute\" \/>\n<script type=\"application\/ld+json\" class=\"yoast-schema-graph\">{\"@context\":\"https:\\\/\\\/schema.org\",\"@graph\":[{\"@type\":\"WebPage\",\"@id\":\"https:\\\/\\\/www.foodandjoy.be\\\/fr\\\/verrines-salees-2\\\/\",\"url\":\"https:\\\/\\\/www.foodandjoy.be\\\/fr\\\/verrines-salees-2\\\/\",\"name\":\"Verrines sal\u00e9es - Food N&#039;Joy\",\"isPartOf\":{\"@id\":\"https:\\\/\\\/www.foodandjoy.be\\\/fr\\\/#website\"},\"primaryImageOfPage\":{\"@id\":\"https:\\\/\\\/www.foodandjoy.be\\\/fr\\\/verrines-salees-2\\\/#primaryimage\"},\"image\":{\"@id\":\"https:\\\/\\\/www.foodandjoy.be\\\/fr\\\/verrines-salees-2\\\/#primaryimage\"},\"thumbnailUrl\":\"https:\\\/\\\/www.foodandjoy.be\\\/wp-content\\\/uploads\\\/2025\\\/05\\\/category-savory-verrines.webp\",\"datePublished\":\"2025-06-03T13:35:35+00:00\",\"dateModified\":\"2025-09-01T15:30:08+00:00\",\"description\":\"Verrines sal\u00e9es gourmandes pour traiteurs, magasins & \u00e9v\u00e9nements.\",\"breadcrumb\":{\"@id\":\"https:\\\/\\\/www.foodandjoy.be\\\/fr\\\/verrines-salees-2\\\/#breadcrumb\"},\"inLanguage\":\"fr-FR\",\"potentialAction\":[{\"@type\":\"ReadAction\",\"target\":[\"https:\\\/\\\/www.foodandjoy.be\\\/fr\\\/verrines-salees-2\\\/\"]}]},{\"@type\":\"ImageObject\",\"inLanguage\":\"fr-FR\",\"@id\":\"https:\\\/\\\/www.foodandjoy.be\\\/fr\\\/verrines-salees-2\\\/#primaryimage\",\"url\":\"https:\\\/\\\/www.foodandjoy.be\\\/wp-content\\\/uploads\\\/2025\\\/05\\\/category-savory-verrines.webp\",\"contentUrl\":\"https:\\\/\\\/www.foodandjoy.be\\\/wp-content\\\/uploads\\\/2025\\\/05\\\/category-savory-verrines.webp\",\"width\":800,\"height\":500,\"caption\":\"Savory glass verrines\"},{\"@type\":\"BreadcrumbList\",\"@id\":\"https:\\\/\\\/www.foodandjoy.be\\\/fr\\\/verrines-salees-2\\\/#breadcrumb\",\"itemListElement\":[{\"@type\":\"ListItem\",\"position\":1,\"name\":\"Accueil\",\"item\":\"https:\\\/\\\/www.foodandjoy.be\\\/fr\\\/\"},{\"@type\":\"ListItem\",\"position\":2,\"name\":\"Verrines sal\u00e9es\"}]},{\"@type\":\"WebSite\",\"@id\":\"https:\\\/\\\/www.foodandjoy.be\\\/fr\\\/#website\",\"url\":\"https:\\\/\\\/www.foodandjoy.be\\\/fr\\\/\",\"name\":\"Food N&#039;Joy\",\"description\":\"\",\"publisher\":{\"@id\":\"https:\\\/\\\/www.foodandjoy.be\\\/fr\\\/#organization\"},\"potentialAction\":[{\"@type\":\"SearchAction\",\"target\":{\"@type\":\"EntryPoint\",\"urlTemplate\":\"https:\\\/\\\/www.foodandjoy.be\\\/fr\\\/?s={search_term_string}\"},\"query-input\":{\"@type\":\"PropertyValueSpecification\",\"valueRequired\":true,\"valueName\":\"search_term_string\"}}],\"inLanguage\":\"fr-FR\"},{\"@type\":\"Organization\",\"@id\":\"https:\\\/\\\/www.foodandjoy.be\\\/fr\\\/#organization\",\"name\":\"Food N&#039;Joy\",\"url\":\"https:\\\/\\\/www.foodandjoy.be\\\/fr\\\/\",\"logo\":{\"@type\":\"ImageObject\",\"inLanguage\":\"fr-FR\",\"@id\":\"https:\\\/\\\/www.foodandjoy.be\\\/fr\\\/#\\\/schema\\\/logo\\\/image\\\/\",\"url\":\"https:\\\/\\\/www.foodandjoy.be\\\/wp-content\\\/uploads\\\/2025\\\/05\\\/logo-foodandjoy-348x120-1.png\",\"contentUrl\":\"https:\\\/\\\/www.foodandjoy.be\\\/wp-content\\\/uploads\\\/2025\\\/05\\\/logo-foodandjoy-348x120-1.png\",\"width\":351,\"height\":120,\"caption\":\"Food N&#039;Joy\"},\"image\":{\"@id\":\"https:\\\/\\\/www.foodandjoy.be\\\/fr\\\/#\\\/schema\\\/logo\\\/image\\\/\"}}]}<\/script>\n<!-- \/ Yoast SEO plugin. -->","yoast_head_json":{"title":"Verrines sal\u00e9es - Food N&#039;Joy","description":"Verrines sal\u00e9es gourmandes pour traiteurs, magasins & \u00e9v\u00e9nements.","robots":{"index":"index","follow":"follow","max-snippet":"max-snippet:-1","max-image-preview":"max-image-preview:large","max-video-preview":"max-video-preview:-1"},"canonical":"https:\/\/www.foodandjoy.be\/fr\/verrines-salees-2\/","og_locale":"fr_FR","og_type":"article","og_title":"Verrines sal\u00e9es - Food N&#039;Joy","og_description":"Verrines sal\u00e9es gourmandes pour traiteurs, magasins & \u00e9v\u00e9nements.","og_url":"https:\/\/www.foodandjoy.be\/fr\/verrines-salees-2\/","og_site_name":"Food N&#039;Joy","article_modified_time":"2025-09-01T15:30:08+00:00","og_image":[{"width":800,"height":500,"url":"https:\/\/www.foodandjoy.be\/wp-content\/uploads\/2025\/05\/category-savory-verrines.webp","type":"image\/webp"}],"twitter_card":"summary_large_image","twitter_misc":{"Dur\u00e9e de lecture estim\u00e9e":"1 minute"},"schema":{"@context":"https:\/\/schema.org","@graph":[{"@type":"WebPage","@id":"https:\/\/www.foodandjoy.be\/fr\/verrines-salees-2\/","url":"https:\/\/www.foodandjoy.be\/fr\/verrines-salees-2\/","name":"Verrines sal\u00e9es - Food N&#039;Joy","isPartOf":{"@id":"https:\/\/www.foodandjoy.be\/fr\/#website"},"primaryImageOfPage":{"@id":"https:\/\/www.foodandjoy.be\/fr\/verrines-salees-2\/#primaryimage"},"image":{"@id":"https:\/\/www.foodandjoy.be\/fr\/verrines-salees-2\/#primaryimage"},"thumbnailUrl":"https:\/\/www.foodandjoy.be\/wp-content\/uploads\/2025\/05\/category-savory-verrines.webp","datePublished":"2025-06-03T13:35:35+00:00","dateModified":"2025-09-01T15:30:08+00:00","description":"Verrines sal\u00e9es gourmandes pour traiteurs, magasins & \u00e9v\u00e9nements.","breadcrumb":{"@id":"https:\/\/www.foodandjoy.be\/fr\/verrines-salees-2\/#breadcrumb"},"inLanguage":"fr-FR","potentialAction":[{"@type":"ReadAction","target":["https:\/\/www.foodandjoy.be\/fr\/verrines-salees-2\/"]}]},{"@type":"ImageObject","inLanguage":"fr-FR","@id":"https:\/\/www.foodandjoy.be\/fr\/verrines-salees-2\/#primaryimage","url":"https:\/\/www.foodandjoy.be\/wp-content\/uploads\/2025\/05\/category-savory-verrines.webp","contentUrl":"https:\/\/www.foodandjoy.be\/wp-content\/uploads\/2025\/05\/category-savory-verrines.webp","width":800,"height":500,"caption":"Savory glass verrines"},{"@type":"BreadcrumbList","@id":"https:\/\/www.foodandjoy.be\/fr\/verrines-salees-2\/#breadcrumb","itemListElement":[{"@type":"ListItem","position":1,"name":"Accueil","item":"https:\/\/www.foodandjoy.be\/fr\/"},{"@type":"ListItem","position":2,"name":"Verrines sal\u00e9es"}]},{"@type":"WebSite","@id":"https:\/\/www.foodandjoy.be\/fr\/#website","url":"https:\/\/www.foodandjoy.be\/fr\/","name":"Food N&#039;Joy","description":"","publisher":{"@id":"https:\/\/www.foodandjoy.be\/fr\/#organization"},"potentialAction":[{"@type":"SearchAction","target":{"@type":"EntryPoint","urlTemplate":"https:\/\/www.foodandjoy.be\/fr\/?s={search_term_string}"},"query-input":{"@type":"PropertyValueSpecification","valueRequired":true,"valueName":"search_term_string"}}],"inLanguage":"fr-FR"},{"@type":"Organization","@id":"https:\/\/www.foodandjoy.be\/fr\/#organization","name":"Food N&#039;Joy","url":"https:\/\/www.foodandjoy.be\/fr\/","logo":{"@type":"ImageObject","inLanguage":"fr-FR","@id":"https:\/\/www.foodandjoy.be\/fr\/#\/schema\/logo\/image\/","url":"https:\/\/www.foodandjoy.be\/wp-content\/uploads\/2025\/05\/logo-foodandjoy-348x120-1.png","contentUrl":"https:\/\/www.foodandjoy.be\/wp-content\/uploads\/2025\/05\/logo-foodandjoy-348x120-1.png","width":351,"height":120,"caption":"Food N&#039;Joy"},"image":{"@id":"https:\/\/www.foodandjoy.be\/fr\/#\/schema\/logo\/image\/"}}]}},"_links":{"self":[{"href":"https:\/\/www.foodandjoy.be\/fr\/wp-json\/wp\/v2\/pages\/2811","targetHints":{"allow":["GET"]}}],"collection":[{"href":"https:\/\/www.foodandjoy.be\/fr\/wp-json\/wp\/v2\/pages"}],"about":[{"href":"https:\/\/www.foodandjoy.be\/fr\/wp-json\/wp\/v2\/types\/page"}],"author":[{"embeddable":true,"href":"https:\/\/www.foodandjoy.be\/fr\/wp-json\/wp\/v2\/users\/1"}],"replies":[{"embeddable":true,"href":"https:\/\/www.foodandjoy.be\/fr\/wp-json\/wp\/v2\/comments?post=2811"}],"version-history":[{"count":1,"href":"https:\/\/www.foodandjoy.be\/fr\/wp-json\/wp\/v2\/pages\/2811\/revisions"}],"predecessor-version":[{"id":2814,"href":"https:\/\/www.foodandjoy.be\/fr\/wp-json\/wp\/v2\/pages\/2811\/revisions\/2814"}],"wp:featuredmedia":[{"embeddable":true,"href":"https:\/\/www.foodandjoy.be\/fr\/wp-json\/wp\/v2\/media\/2671"}],"wp:attachment":[{"href":"https:\/\/www.foodandjoy.be\/fr\/wp-json\/wp\/v2\/media?parent=2811"}],"curies":[{"name":"wp","href":"https:\/\/api.w.org\/{rel}","templated":true}]}}