{"id":2856,"date":"2025-06-03T10:17:40","date_gmt":"2025-06-03T10:17:40","guid":{"rendered":"https:\/\/foodnjoy.misari.fr\/evenement-restauration\/"},"modified":"2025-09-02T08:38:11","modified_gmt":"2025-09-02T08:38:11","slug":"evenementiel-restauration","status":"publish","type":"page","link":"https:\/\/www.foodandjoy.be\/fr\/nos-clients\/evenementiel-restauration\/","title":{"rendered":"\u00c9v\u00e9nementiel \/ Restauration"},"content":{"rendered":"","protected":false},"excerpt":{"rendered":"","protected":false},"author":1,"featured_media":2682,"parent":2881,"menu_order":-1,"comment_status":"closed","ping_status":"closed","template":"","meta":{"_acf_changed":false,"footnotes":""},"class_list":["post-2856","page","type-page","status-publish","has-post-thumbnail","hentry"],"acf":[],"yoast_head":"<!-- This site is optimized with the Yoast SEO plugin v27.4 - https:\/\/yoast.com\/product\/yoast-seo-wordpress\/ -->\n<title>\u00c9v\u00e9nementiel \/ Restauration - Food N&#039;Joy<\/title>\n<meta name=\"description\" content=\"Produits sucr\u00e9s &amp; sal\u00e9s pour \u00e9v\u00e9nements et r\u00e9ceptions. Contactez-nous pour d\u00e9couvrir notre large collection.\" \/>\n<meta name=\"robots\" content=\"index, follow, max-snippet:-1, max-image-preview:large, max-video-preview:-1\" \/>\n<link rel=\"canonical\" href=\"https:\/\/www.foodandjoy.be\/fr\/nos-clients\/evenementiel-restauration\/\" \/>\n<meta property=\"og:locale\" content=\"fr_FR\" \/>\n<meta property=\"og:type\" content=\"article\" \/>\n<meta property=\"og:title\" content=\"\u00c9v\u00e9nementiel \/ Restauration - Food N&#039;Joy\" \/>\n<meta property=\"og:description\" content=\"Produits sucr\u00e9s &amp; sal\u00e9s pour \u00e9v\u00e9nements et r\u00e9ceptions. Contactez-nous pour d\u00e9couvrir notre large collection.\" \/>\n<meta property=\"og:url\" content=\"https:\/\/www.foodandjoy.be\/fr\/nos-clients\/evenementiel-restauration\/\" \/>\n<meta property=\"og:site_name\" content=\"Food N&#039;Joy\" \/>\n<meta property=\"article:modified_time\" content=\"2025-09-02T08:38:11+00:00\" \/>\n<meta property=\"og:image\" content=\"https:\/\/www.foodandjoy.be\/wp-content\/uploads\/2025\/06\/customer-event-catering.webp\" \/>\n\t<meta property=\"og:image:width\" content=\"1200\" \/>\n\t<meta property=\"og:image:height\" content=\"700\" \/>\n\t<meta property=\"og:image:type\" content=\"image\/webp\" \/>\n<meta name=\"twitter:card\" content=\"summary_large_image\" \/>\n<meta name=\"twitter:label1\" content=\"Dur\u00e9e de lecture estim\u00e9e\" \/>\n\t<meta name=\"twitter:data1\" content=\"1 minute\" \/>\n<script type=\"application\/ld+json\" class=\"yoast-schema-graph\">{\"@context\":\"https:\\\/\\\/schema.org\",\"@graph\":[{\"@type\":\"WebPage\",\"@id\":\"https:\\\/\\\/www.foodandjoy.be\\\/fr\\\/nos-clients\\\/evenementiel-restauration\\\/\",\"url\":\"https:\\\/\\\/www.foodandjoy.be\\\/fr\\\/nos-clients\\\/evenementiel-restauration\\\/\",\"name\":\"\u00c9v\u00e9nementiel \\\/ Restauration - Food N&#039;Joy\",\"isPartOf\":{\"@id\":\"https:\\\/\\\/www.foodandjoy.be\\\/fr\\\/#website\"},\"primaryImageOfPage\":{\"@id\":\"https:\\\/\\\/www.foodandjoy.be\\\/fr\\\/nos-clients\\\/evenementiel-restauration\\\/#primaryimage\"},\"image\":{\"@id\":\"https:\\\/\\\/www.foodandjoy.be\\\/fr\\\/nos-clients\\\/evenementiel-restauration\\\/#primaryimage\"},\"thumbnailUrl\":\"https:\\\/\\\/www.foodandjoy.be\\\/wp-content\\\/uploads\\\/2025\\\/06\\\/customer-event-catering.webp\",\"datePublished\":\"2025-06-03T10:17:40+00:00\",\"dateModified\":\"2025-09-02T08:38:11+00:00\",\"description\":\"Produits sucr\u00e9s & sal\u00e9s pour \u00e9v\u00e9nements et r\u00e9ceptions. Contactez-nous pour d\u00e9couvrir notre large collection.\",\"breadcrumb\":{\"@id\":\"https:\\\/\\\/www.foodandjoy.be\\\/fr\\\/nos-clients\\\/evenementiel-restauration\\\/#breadcrumb\"},\"inLanguage\":\"fr-FR\",\"potentialAction\":[{\"@type\":\"ReadAction\",\"target\":[\"https:\\\/\\\/www.foodandjoy.be\\\/fr\\\/nos-clients\\\/evenementiel-restauration\\\/\"]}]},{\"@type\":\"ImageObject\",\"inLanguage\":\"fr-FR\",\"@id\":\"https:\\\/\\\/www.foodandjoy.be\\\/fr\\\/nos-clients\\\/evenementiel-restauration\\\/#primaryimage\",\"url\":\"https:\\\/\\\/www.foodandjoy.be\\\/wp-content\\\/uploads\\\/2025\\\/06\\\/customer-event-catering.webp\",\"contentUrl\":\"https:\\\/\\\/www.foodandjoy.be\\\/wp-content\\\/uploads\\\/2025\\\/06\\\/customer-event-catering.webp\",\"width\":1200,\"height\":700,\"caption\":\"event catering picture\"},{\"@type\":\"BreadcrumbList\",\"@id\":\"https:\\\/\\\/www.foodandjoy.be\\\/fr\\\/nos-clients\\\/evenementiel-restauration\\\/#breadcrumb\",\"itemListElement\":[{\"@type\":\"ListItem\",\"position\":1,\"name\":\"Accueil\",\"item\":\"https:\\\/\\\/www.foodandjoy.be\\\/fr\\\/\"},{\"@type\":\"ListItem\",\"position\":2,\"name\":\"Nos clients\",\"item\":\"https:\\\/\\\/www.foodandjoy.be\\\/fr\\\/nos-clients\\\/\"},{\"@type\":\"ListItem\",\"position\":3,\"name\":\"\u00c9v\u00e9nementiel \\\/ Restauration\"}]},{\"@type\":\"WebSite\",\"@id\":\"https:\\\/\\\/www.foodandjoy.be\\\/fr\\\/#website\",\"url\":\"https:\\\/\\\/www.foodandjoy.be\\\/fr\\\/\",\"name\":\"Food N&#039;Joy\",\"description\":\"\",\"publisher\":{\"@id\":\"https:\\\/\\\/www.foodandjoy.be\\\/fr\\\/#organization\"},\"potentialAction\":[{\"@type\":\"SearchAction\",\"target\":{\"@type\":\"EntryPoint\",\"urlTemplate\":\"https:\\\/\\\/www.foodandjoy.be\\\/fr\\\/?s={search_term_string}\"},\"query-input\":{\"@type\":\"PropertyValueSpecification\",\"valueRequired\":true,\"valueName\":\"search_term_string\"}}],\"inLanguage\":\"fr-FR\"},{\"@type\":\"Organization\",\"@id\":\"https:\\\/\\\/www.foodandjoy.be\\\/fr\\\/#organization\",\"name\":\"Food N&#039;Joy\",\"url\":\"https:\\\/\\\/www.foodandjoy.be\\\/fr\\\/\",\"logo\":{\"@type\":\"ImageObject\",\"inLanguage\":\"fr-FR\",\"@id\":\"https:\\\/\\\/www.foodandjoy.be\\\/fr\\\/#\\\/schema\\\/logo\\\/image\\\/\",\"url\":\"https:\\\/\\\/www.foodandjoy.be\\\/wp-content\\\/uploads\\\/2025\\\/05\\\/logo-foodandjoy-348x120-1.png\",\"contentUrl\":\"https:\\\/\\\/www.foodandjoy.be\\\/wp-content\\\/uploads\\\/2025\\\/05\\\/logo-foodandjoy-348x120-1.png\",\"width\":351,\"height\":120,\"caption\":\"Food N&#039;Joy\"},\"image\":{\"@id\":\"https:\\\/\\\/www.foodandjoy.be\\\/fr\\\/#\\\/schema\\\/logo\\\/image\\\/\"}}]}<\/script>\n<!-- \/ Yoast SEO plugin. -->","yoast_head_json":{"title":"\u00c9v\u00e9nementiel \/ Restauration - Food N&#039;Joy","description":"Produits sucr\u00e9s & sal\u00e9s pour \u00e9v\u00e9nements et r\u00e9ceptions. Contactez-nous pour d\u00e9couvrir notre large collection.","robots":{"index":"index","follow":"follow","max-snippet":"max-snippet:-1","max-image-preview":"max-image-preview:large","max-video-preview":"max-video-preview:-1"},"canonical":"https:\/\/www.foodandjoy.be\/fr\/nos-clients\/evenementiel-restauration\/","og_locale":"fr_FR","og_type":"article","og_title":"\u00c9v\u00e9nementiel \/ Restauration - Food N&#039;Joy","og_description":"Produits sucr\u00e9s & sal\u00e9s pour \u00e9v\u00e9nements et r\u00e9ceptions. Contactez-nous pour d\u00e9couvrir notre large collection.","og_url":"https:\/\/www.foodandjoy.be\/fr\/nos-clients\/evenementiel-restauration\/","og_site_name":"Food N&#039;Joy","article_modified_time":"2025-09-02T08:38:11+00:00","og_image":[{"width":1200,"height":700,"url":"https:\/\/www.foodandjoy.be\/wp-content\/uploads\/2025\/06\/customer-event-catering.webp","type":"image\/webp"}],"twitter_card":"summary_large_image","twitter_misc":{"Dur\u00e9e de lecture estim\u00e9e":"1 minute"},"schema":{"@context":"https:\/\/schema.org","@graph":[{"@type":"WebPage","@id":"https:\/\/www.foodandjoy.be\/fr\/nos-clients\/evenementiel-restauration\/","url":"https:\/\/www.foodandjoy.be\/fr\/nos-clients\/evenementiel-restauration\/","name":"\u00c9v\u00e9nementiel \/ Restauration - Food N&#039;Joy","isPartOf":{"@id":"https:\/\/www.foodandjoy.be\/fr\/#website"},"primaryImageOfPage":{"@id":"https:\/\/www.foodandjoy.be\/fr\/nos-clients\/evenementiel-restauration\/#primaryimage"},"image":{"@id":"https:\/\/www.foodandjoy.be\/fr\/nos-clients\/evenementiel-restauration\/#primaryimage"},"thumbnailUrl":"https:\/\/www.foodandjoy.be\/wp-content\/uploads\/2025\/06\/customer-event-catering.webp","datePublished":"2025-06-03T10:17:40+00:00","dateModified":"2025-09-02T08:38:11+00:00","description":"Produits sucr\u00e9s & sal\u00e9s pour \u00e9v\u00e9nements et r\u00e9ceptions. Contactez-nous pour d\u00e9couvrir notre large collection.","breadcrumb":{"@id":"https:\/\/www.foodandjoy.be\/fr\/nos-clients\/evenementiel-restauration\/#breadcrumb"},"inLanguage":"fr-FR","potentialAction":[{"@type":"ReadAction","target":["https:\/\/www.foodandjoy.be\/fr\/nos-clients\/evenementiel-restauration\/"]}]},{"@type":"ImageObject","inLanguage":"fr-FR","@id":"https:\/\/www.foodandjoy.be\/fr\/nos-clients\/evenementiel-restauration\/#primaryimage","url":"https:\/\/www.foodandjoy.be\/wp-content\/uploads\/2025\/06\/customer-event-catering.webp","contentUrl":"https:\/\/www.foodandjoy.be\/wp-content\/uploads\/2025\/06\/customer-event-catering.webp","width":1200,"height":700,"caption":"event catering picture"},{"@type":"BreadcrumbList","@id":"https:\/\/www.foodandjoy.be\/fr\/nos-clients\/evenementiel-restauration\/#breadcrumb","itemListElement":[{"@type":"ListItem","position":1,"name":"Accueil","item":"https:\/\/www.foodandjoy.be\/fr\/"},{"@type":"ListItem","position":2,"name":"Nos clients","item":"https:\/\/www.foodandjoy.be\/fr\/nos-clients\/"},{"@type":"ListItem","position":3,"name":"\u00c9v\u00e9nementiel \/ Restauration"}]},{"@type":"WebSite","@id":"https:\/\/www.foodandjoy.be\/fr\/#website","url":"https:\/\/www.foodandjoy.be\/fr\/","name":"Food N&#039;Joy","description":"","publisher":{"@id":"https:\/\/www.foodandjoy.be\/fr\/#organization"},"potentialAction":[{"@type":"SearchAction","target":{"@type":"EntryPoint","urlTemplate":"https:\/\/www.foodandjoy.be\/fr\/?s={search_term_string}"},"query-input":{"@type":"PropertyValueSpecification","valueRequired":true,"valueName":"search_term_string"}}],"inLanguage":"fr-FR"},{"@type":"Organization","@id":"https:\/\/www.foodandjoy.be\/fr\/#organization","name":"Food N&#039;Joy","url":"https:\/\/www.foodandjoy.be\/fr\/","logo":{"@type":"ImageObject","inLanguage":"fr-FR","@id":"https:\/\/www.foodandjoy.be\/fr\/#\/schema\/logo\/image\/","url":"https:\/\/www.foodandjoy.be\/wp-content\/uploads\/2025\/05\/logo-foodandjoy-348x120-1.png","contentUrl":"https:\/\/www.foodandjoy.be\/wp-content\/uploads\/2025\/05\/logo-foodandjoy-348x120-1.png","width":351,"height":120,"caption":"Food N&#039;Joy"},"image":{"@id":"https:\/\/www.foodandjoy.be\/fr\/#\/schema\/logo\/image\/"}}]}},"_links":{"self":[{"href":"https:\/\/www.foodandjoy.be\/fr\/wp-json\/wp\/v2\/pages\/2856","targetHints":{"allow":["GET"]}}],"collection":[{"href":"https:\/\/www.foodandjoy.be\/fr\/wp-json\/wp\/v2\/pages"}],"about":[{"href":"https:\/\/www.foodandjoy.be\/fr\/wp-json\/wp\/v2\/types\/page"}],"author":[{"embeddable":true,"href":"https:\/\/www.foodandjoy.be\/fr\/wp-json\/wp\/v2\/users\/1"}],"replies":[{"embeddable":true,"href":"https:\/\/www.foodandjoy.be\/fr\/wp-json\/wp\/v2\/comments?post=2856"}],"version-history":[{"count":3,"href":"https:\/\/www.foodandjoy.be\/fr\/wp-json\/wp\/v2\/pages\/2856\/revisions"}],"predecessor-version":[{"id":3154,"href":"https:\/\/www.foodandjoy.be\/fr\/wp-json\/wp\/v2\/pages\/2856\/revisions\/3154"}],"up":[{"embeddable":true,"href":"https:\/\/www.foodandjoy.be\/fr\/wp-json\/wp\/v2\/pages\/2881"}],"wp:featuredmedia":[{"embeddable":true,"href":"https:\/\/www.foodandjoy.be\/fr\/wp-json\/wp\/v2\/media\/2682"}],"wp:attachment":[{"href":"https:\/\/www.foodandjoy.be\/fr\/wp-json\/wp\/v2\/media?parent=2856"}],"curies":[{"name":"wp","href":"https:\/\/api.w.org\/{rel}","templated":true}]}}